{"id":231693,"date":"2025-11-22T14:08:43","date_gmt":"2025-11-22T13:08:43","guid":{"rendered":"https:\/\/conquest.staging-website.de\/?page_id=231693"},"modified":"2026-01-14T12:17:47","modified_gmt":"2026-01-14T11:17:47","slug":"faq","status":"publish","type":"page","link":"https:\/\/conquest.staging-website.de\/en\/faq\/","title":{"rendered":"FAQ"},"content":{"rendered":"<div class=\"et_pb_section_0 et_pb_section et_section_regular et_block_section\">\n<div class=\"et_pb_row_0 et_pb_row et_pb_gutters3 et_block_row\">\n<div class=\"et_pb_column_0 et_pb_column et_pb_column_4_4 et-last-child et_block_column et_pb_css_mix_blend_mode_passthrough\">\n<div class=\"et_pb_text_0 et_pb_text et_pb_bg_layout_dark et_pb_module et_block_module preset--module--divi-text--default\"><div class=\"et_pb_text_inner\"><h1 class=\"dsm-text-divider-header et_pb_module_header\"><span>Questions &amp; Answers<\/span><\/h1>\n<\/div><\/div>\n\n<div class=\"et_pb_text_1 et_pb_text et_pb_bg_layout_dark et_pb_module et_block_module preset--module--divi-text--default\"><div class=\"et_pb_text_inner\"><p><strong>Do you have any questions about your karting experience?<br \/><\/strong>Here you will find the most important information at a glance\u2014quick, understandable, and direct.<\/p>\n<\/div><\/div>\n<\/div>\n<\/div>\n<\/div>\n\n<div class=\"et_pb_section_1 et_pb_section et_section_regular et_block_section\" id=\"faq\">\n<div class=\"et_pb_row_1 et_pb_row et_pb_gutters2 et_block_row\">\n<div class=\"et_pb_column_1 et_pb_column et_pb_column_1_2 et_block_column et_pb_css_mix_blend_mode_passthrough\">\n<div class=\"et_pb_accordion_0 et_pb_accordion et_pb_module et_flex_module\">\n<div class=\"et_pb_accordion_item_0 et_pb_accordion_item et_pb_toggle et_pb_module et_pb_toggle_open et_block_module\"><h5 class=\"et_pb_toggle_title\">How many horsepower do the karts have? How fast are they?<\/h5><div class=\"et_pb_toggle_content\"><p>The large Rimo has 9 hp, 270 cc, approx. 45 km\/h.<\/p>\n<p>The small karts have 5.5 hp and a top speed of 30 km\/h.<\/p>\n<\/div><\/div>\n\n<div class=\"et_pb_accordion_item_1 et_pb_accordion_item et_pb_toggle et_pb_module et_pb_toggle_close et_block_module\"><h5 class=\"et_pb_toggle_title\">How long is the route?<\/h5><div class=\"et_pb_toggle_content\"><p>550 m long, the direction is changed once a year<\/p>\n<\/div><\/div>\n\n<div class=\"et_pb_accordion_item_2 et_pb_accordion_item et_pb_toggle et_pb_module et_pb_toggle_close et_block_module\"><h5 class=\"et_pb_toggle_title\">When are children allowed to drive?<\/h5><div class=\"et_pb_toggle_content\"><p>From 10 years of age and a minimum height of 1.40 m, accompanied by a parent or guardian or with a completed authorization form \u2013 see <a href=\"https:\/\/conquest.staging-website.de\/en\/kinder\/\" target=\"_blank\" rel=\"noopener\">&#8222;Kids &amp; Teens&#8220;<\/a>.<\/p>\n<\/div><\/div>\n\n<div class=\"et_pb_accordion_item_3 et_pb_accordion_item et_pb_toggle et_pb_module et_pb_toggle_close et_block_module\"><h5 class=\"et_pb_toggle_title\">Who counts as a child?<\/h5><div class=\"et_pb_toggle_content\"><p>Personen von 10\u201312 Jahren und einer K\u00f6rpergr\u00f6\u00dfe von 1,40\u20131,60 m. Kinder fahren mit speziellen Kinderkarts und d\u00fcrfen nur w\u00e4hrend der Kinderfahrzeiten fahren.<\/p>\n<p>Teens ab\u00a013 Jahren\u00a0mit einer\u00a0Mindestgr\u00f6\u00dfe von 1,60 m d\u00fcrfen zu jeder Zeit fahren.<\/p>\n<\/div><\/div>\n\n<div class=\"et_pb_accordion_item_4 et_pb_accordion_item et_pb_toggle et_pb_module et_pb_toggle_close et_block_module\"><h5 class=\"et_pb_toggle_title\">Can you reserve the 10-minute runs by phone?<\/h5><div class=\"et_pb_toggle_content\"><p>No, unfortunately, the 10-minute runs cannot be reserved for organizational reasons.<\/p>\n<\/div><\/div>\n\n<div class=\"et_pb_accordion_item_5 et_pb_accordion_item et_pb_toggle et_pb_module et_pb_toggle_close et_block_module\"><h5 class=\"et_pb_toggle_title\">Where can I see when the train is reserved?<\/h5><div class=\"et_pb_toggle_content\"><p>In the calendar on the page\u00a0 <a href=\"https:\/\/conquest.staging-website.de\/en\/bahnbelegung\/\" target=\"_blank\" rel=\"noopener\">\u201eTrack allocation\u201c<\/a>.<\/p>\n<\/div><\/div>\n\n<div class=\"et_pb_accordion_item_6 et_pb_accordion_item et_pb_toggle et_pb_module et_pb_toggle_close et_block_module\"><h5 class=\"et_pb_toggle_title\">Is there a weight limit?<\/h5><div class=\"et_pb_toggle_content\"><p>The maximum weight is 120 kilograms.<\/p>\n<\/div><\/div>\n\n<div class=\"et_pb_accordion_item_7 et_pb_accordion_item et_pb_toggle et_pb_module et_pb_toggle_close et_block_module\"><h5 class=\"et_pb_toggle_title\">How often do the rules and safety briefings take place?<\/h5><div class=\"et_pb_toggle_content\"><p>Before driving, each guest receives instruction from our trained staff.<\/p>\n<\/div><\/div>\n\n<div class=\"et_pb_accordion_item_8 et_pb_accordion_item et_pb_toggle et_pb_module et_pb_toggle_close et_block_module\"><h5 class=\"et_pb_toggle_title\">Why am I only allowed to come karting on my own if I am 16 or older?<\/h5><div class=\"et_pb_toggle_content\"><p>From the age of 16, you have limited legal capacity, which means you are allowed to drive a go-kart on your own. Please present your ID card.<\/p>\n<\/div><\/div>\n<\/div>\n<\/div>\n\n<div class=\"et_pb_column_2 et_pb_column et_pb_column_1_2 et-last-child et_block_column et_pb_css_mix_blend_mode_passthrough\">\n<div class=\"et_pb_accordion_1 et_pb_accordion et_pb_module et_flex_module\">\n<div class=\"et_pb_accordion_item_9 et_pb_accordion_item et_pb_toggle et_pb_module et_pb_toggle_open et_block_module\"><h5 class=\"et_pb_toggle_title\">What do I need for karting?<\/h5><div class=\"et_pb_toggle_content\"><p>You can bring your own helmet or balaclava.<\/p>\n<p>We also provide rental helmets and balaclavas.<\/p>\n<p>The rental fee for a balaclava is \u20ac2.50 and for a helmet \u20ac1.00.<\/p>\n<p>Please be sure to wear sturdy shoes!<\/p>\n<\/div><\/div>\n\n<div class=\"et_pb_accordion_item_10 et_pb_accordion_item et_pb_toggle et_pb_module et_pb_toggle_close et_block_module\"><h5 class=\"et_pb_toggle_title\">How is payment made?<\/h5><div class=\"et_pb_toggle_content\"><p>You can pay in cash, by debit card, or credit card.<\/p>\n<\/div><\/div>\n\n<div class=\"et_pb_accordion_item_11 et_pb_accordion_item et_pb_toggle et_pb_module et_pb_toggle_close et_block_module\"><h5 class=\"et_pb_toggle_title\">Is there a two-seater kart?<\/h5><div class=\"et_pb_toggle_content\"><p>Yes, there is a Twinkart.<\/p>\n<p>It can be used by one parent with one child (passenger) during the children's travel time.<\/p>\n<p>The passenger must be at least 1.10 m tall and 5 years old.<\/p>\n<\/div><\/div>\n\n<div class=\"et_pb_accordion_item_12 et_pb_accordion_item et_pb_toggle et_pb_module et_pb_toggle_close et_block_module\"><h5 class=\"et_pb_toggle_title\">What happens if I don't follow the rules?<\/h5><div class=\"et_pb_toggle_content\"><p>You will be disqualified and may receive a driving ban.<\/p>\n<\/div><\/div>\n\n<div class=\"et_pb_accordion_item_13 et_pb_accordion_item et_pb_toggle et_pb_module et_pb_toggle_close et_block_module\"><h5 class=\"et_pb_toggle_title\">Why do I need to be registered?<\/h5><div class=\"et_pb_toggle_content\"><p>We <span style=\"text-decoration: underline;\">confer<\/span> our karts in the context of motorsports. For this reason, some data must be collected in advance.<\/p>\n<\/div><\/div>\n\n<div class=\"et_pb_accordion_item_14 et_pb_accordion_item et_pb_toggle et_pb_module et_pb_toggle_close et_block_module\"><h5 class=\"et_pb_toggle_title\">Are all karts equally fast?<\/h5><div class=\"et_pb_toggle_content\"><p>The karts all have the same power, but there may be differences in handling.<\/p>\n<\/div><\/div>\n\n<div class=\"et_pb_accordion_item_15 et_pb_accordion_item et_pb_toggle et_pb_module et_pb_toggle_close et_block_module\"><h5 class=\"et_pb_toggle_title\">Can I choose the karts?<\/h5><div class=\"et_pb_toggle_content\"><p>No, the karts are assigned randomly by our system.<\/p>\n<\/div><\/div>\n\n<div class=\"et_pb_accordion_item_16 et_pb_accordion_item et_pb_toggle et_pb_module et_pb_toggle_close et_block_module\"><h5 class=\"et_pb_toggle_title\">When is it busiest?<\/h5><div class=\"et_pb_toggle_content\"><p>On weekends, public holidays, and during vacations.<\/p>\n<\/div><\/div>\n<\/div>\n<\/div>\n<\/div>\n\n<div class=\"et_pb_row_2 et_pb_row et_pb_gutters3 et_block_row\">\n<div class=\"et_pb_column_3 et_pb_column et_pb_column_4_4 et-last-child et_block_column et_pb_css_mix_blend_mode_passthrough\">\n<div class=\"et_pb_text_2 et_pb_text et_pb_bg_layout_dark et_pb_module et_block_module preset--module--divi-text--default\"><div class=\"et_pb_text_inner\"><h2 class=\"dsm-text-divider-header et_pb_module_header\"><span>Virtueller Assistent<\/span><\/h2>\n<\/div><\/div>\n\n<div class=\"et_pb_text_3 et_pb_text et_pb_bg_layout_dark et_pb_module et_block_module preset--module--divi-text--default\"><div class=\"et_pb_text_inner\"><p>Oder frage einfach direkt unseren virtuellen Assistenten:<\/p>\n<\/div><\/div>\n\n<div class=\"et_pb_code_0 et_pb_code et_pb_module inline-chat-bot\"><div class=\"et_pb_code_inner\"><script src=\"https:\/\/app.simplebotinstall.com\/js\/chat_form_plugin.js\" data-bot-id=\"39973\"><\/script>\n<div id=\"chat_form\"><\/div><\/div><\/div>\n<\/div>\n<\/div>\n<\/div>\n\n<div class=\"et_pb_section_2 et_pb_section et_section_regular et_block_section\"><div class=\"et_pb_row_3 et_pb_row et_pb_equal_columns et_pb_gutters1 et_block_row\"><div class=\"et_pb_column_4 et_pb_column et_pb_column_1_2 et_flex_column et_pb_css_mix_blend_mode_passthrough\"><div class=\"et_pb_cta_0 et_pb_promo et_pb_bg_layout_dark et_pb_module et_block_module\"><div class=\"et_pb_promo_description\"><h2 class=\"et_pb_module_header\">single trips<\/h2><div class=\"et_pb_promo_content\"><p>Single-trip tickets in 10-minute blocks are only available directly from us on site. Just drop by\u2014and you're ready to go!<\/p>\n<\/div><\/div><div class=\"et_pb_button_wrapper\"><a class=\"et_pb_button et_pb_promo_button\" href=\"https:\/\/conquest.staging-website.de\/en\/einzelfahrten\/\">Prices &amp; Procedure<\/a><\/div><\/div><\/div><div class=\"et_pb_column_5 et_pb_column et_pb_column_1_2 et-last-child et_flex_column et_pb_css_mix_blend_mode_passthrough\"><div class=\"et_pb_cta_1 et_pb_promo et_pb_bg_layout_dark et_pb_module et_block_module\"><div class=\"et_pb_promo_description\"><h2 class=\"et_pb_module_header\">race<\/h2><div class=\"et_pb_promo_content\"><p>Would you like to compete against each other in a group of at least 7 people? Then simply book your adventure day using our online booking form. Select your preferred date and time\u2014and your place is reserved.<\/p>\n<p><strong>Note:<\/strong> All drivers must be at least 16 years old.<\/p>\n<\/div><\/div><div class=\"et_pb_button_wrapper\"><a class=\"et_pb_button et_pb_promo_button\" href=\"https:\/\/conquest.staging-website.de\/en\/gruppenfahrten\/\">Book races online<\/a><\/div><\/div><\/div><\/div><\/div>","protected":false},"excerpt":{"rendered":"","protected":false},"author":1,"featured_media":0,"parent":0,"menu_order":0,"comment_status":"closed","ping_status":"closed","template":"","meta":{"footnotes":""},"class_list":["post-231693","page","type-page","status-publish","hentry"],"_links":{"self":[{"href":"https:\/\/conquest.staging-website.de\/en\/wp-json\/wp\/v2\/pages\/231693","targetHints":{"allow":["GET"]}}],"collection":[{"href":"https:\/\/conquest.staging-website.de\/en\/wp-json\/wp\/v2\/pages"}],"about":[{"href":"https:\/\/conquest.staging-website.de\/en\/wp-json\/wp\/v2\/types\/page"}],"author":[{"embeddable":true,"href":"https:\/\/conquest.staging-website.de\/en\/wp-json\/wp\/v2\/users\/1"}],"replies":[{"embeddable":true,"href":"https:\/\/conquest.staging-website.de\/en\/wp-json\/wp\/v2\/comments?post=231693"}],"version-history":[{"count":17,"href":"https:\/\/conquest.staging-website.de\/en\/wp-json\/wp\/v2\/pages\/231693\/revisions"}],"predecessor-version":[{"id":231986,"href":"https:\/\/conquest.staging-website.de\/en\/wp-json\/wp\/v2\/pages\/231693\/revisions\/231986"}],"wp:attachment":[{"href":"https:\/\/conquest.staging-website.de\/en\/wp-json\/wp\/v2\/media?parent=231693"}],"curies":[{"name":"wp","href":"https:\/\/api.w.org\/{rel}","templated":true}]}}