{"id":229138,"date":"2022-11-14T16:41:05","date_gmt":"2022-11-14T15:41:05","guid":{"rendered":"https:\/\/conquest.staging-website.de\/?page_id=229138"},"modified":"2025-05-10T13:03:21","modified_gmt":"2025-05-10T11:03:21","slug":"streckenposten","status":"publish","type":"page","link":"https:\/\/conquest.staging-website.de\/en\/jobs\/streckenposten\/","title":{"rendered":"Streckenposten"},"content":{"rendered":"<div class=\"et_pb_section_0 et_pb_section et_section_regular et_flex_section\"><div class=\"et_pb_row_0 et_pb_row et_flex_row custom-row\"><div class=\"et_pb_column_0 et_pb_column et_flex_column et_pb_css_mix_blend_mode_passthrough et_flex_column_24_24 second-on-mobile\"><div class=\"et_pb_text_0 et_pb_text et_pb_bg_layout_dark et_pb_module et_block_module preset--module--divi-text--default\"><div class=\"et_pb_text_inner\"><h2>Wir suchen Verst\u00e4rkung f\u00fcr unser Kart-Center in Koblenz als<\/h2>\n<h1>Streckenposten <em>(m\/w\/d)<\/em><\/h1>\n<h3><em>Minijob-Basis \u2013 <strong>Mindestalter: 25 Jahre<\/strong><\/em><\/h3>\n<\/div><\/div><div class=\"et_pb_divider_0 et_pb_divider et_pb_space et_pb_divider_position_top et_pb_module\"><div class=\"et_pb_divider_internal\"><\/div><\/div><div class=\"et_pb_text_1 et_pb_text et_pb_bg_layout_dark et_pb_module et_block_module preset--module--divi-text--default\"><div class=\"et_pb_text_inner\"><p>F\u00fcr unser dynamisches Team suchen wir \u2013 vorwiegend f\u00fcr die Wochenenden \u2013 noch Verst\u00e4rkung als Streckenposten auf Minijob-Basis. Das Mindestalter f\u00fcr Bewerber betr\u00e4gt 25 Jahre. Wenn du Spa\u00df am Umgang mit Menschen hast und dich das Ger\u00e4usch von Motoren auf Hochtouren bringt, bist du bei uns genau richtig!<\/p>\n<\/div><\/div><\/div><div class=\"et_pb_column_1 et_pb_column et-last-child et_flex_column et_pb_css_mix_blend_mode_passthrough et_pb_section_parallax et_flex_column_24_24 first-on-mobile\"><span class=\"et-pb-parallax-wrapper\"><span class=\"et-pb-parallax-background et-pb-parallax-background-module--divi-column-1\" style=\"background-image:url(https:\/\/conquest.staging-website.de\/wp-content\/uploads\/2021\/10\/Streckenposten-1.jpg)\"><\/span><\/span><div class=\"et_pb_divider_1 et_pb_divider_hidden et_pb_space et_pb_divider_position_top et_pb_module\"><div class=\"et_pb_divider_internal\"><\/div><\/div><\/div><\/div><\/div><div class=\"et_pb_section_1 et_pb_section et_section_regular et_flex_section\"><div class=\"et_pb_row_1 et_pb_row et_flex_row\"><div class=\"et_pb_column_2 et_pb_column et_flex_column et_pb_css_mix_blend_mode_passthrough et_flex_column_24_24\">[dsm_text_divider header=&#8220;Wer wir sind&#8220; text_alignment=&#8220;left&#8220; _builder_version=&#8220;4.16&#8243; _module_preset=&#8220;default&#8220; header_text_align=&#8220;center&#8220; header_font_size=&#8220;36px&#8220; custom_margin=&#8220;||18px||false|false&#8220; header_font_size_tablet=&#8220;32px&#8220; locked=&#8220;off&#8220; global_colors_info=&#8220;{}&#8220;][\/dsm_text_divider]<div class=\"et_pb_text_2 et_pb_text et_pb_bg_layout_dark et_pb_module et_block_module preset--module--divi-text--default\"><div class=\"et_pb_text_inner\"><p>Schon seit \u00fcber 25 Jahren kommen Kart-Fans in unserer Indoor-Halle mit 4.000 m\u00b2 voll auf ihre Kosten. Mit einer Streckenl\u00e4nge von 550 Metern und regelm\u00e4\u00dfig wechselnden Strecken-Verl\u00e4ufen wird es garantiert nicht langweilig.<\/p>\n<\/div><\/div><\/div><div class=\"et_pb_column_3 et_pb_column et-last-child et_flex_column et_pb_column_empty et_pb_css_mix_blend_mode_passthrough et_flex_column_24_24\"><\/div><\/div><\/div><div class=\"et_pb_section_2 et_pb_section et_section_regular et_flex_section\"><div class=\"et_pb_row_2 et_pb_row et_flex_row\"><div class=\"et_pb_column_4 et_pb_column et-last-child et_flex_column et_pb_css_mix_blend_mode_passthrough et_flex_column_24_24\">[dsm_text_divider header=&#8220;Deine Aufgaben&#8220; text_alignment=&#8220;left&#8220; _builder_version=&#8220;4.16&#8243; _module_preset=&#8220;default&#8220; header_text_align=&#8220;center&#8220; header_font_size=&#8220;36px&#8220; custom_margin=&#8220;||18px||false|false&#8220; header_font_size_tablet=&#8220;32px&#8220; locked=&#8220;off&#8220; global_colors_info=&#8220;{}&#8220;][\/dsm_text_divider][dsm_icon_list icon_font_size=&#8220;30px&#8220; list_space_between=&#8220;12px&#8220; _builder_version=&#8220;4.16&#8243; _module_preset=&#8220;default&#8220; text_font_size=&#8220;18px&#8220; text_line_height=&#8220;1.5em&#8220; global_colors_info=&#8220;{}&#8220;][dsm_icon_list_child text=&#8220;Du erkl\u00e4rst unseren Kunden die Rennregeln und den Ablauf&#8220; font_icon=&#8220;&#x45;||divi||400&#8243; _builder_version=&#8220;4.16&#8243; _module_preset=&#8220;default&#8220; global_colors_info=&#8220;{}&#8220;][\/dsm_icon_list_child][dsm_icon_list_child text=&#8220;Du gibst Einweisungen auf Grundlage der Renn-Erfahrung der Kunden&#8220; font_icon=&#8220;&#x45;||divi||400&#8243; _builder_version=&#8220;4.16&#8243; _module_preset=&#8220;default&#8220; global_colors_info=&#8220;{}&#8220;][\/dsm_icon_list_child][dsm_icon_list_child text=&#8220;Du betreust die Kunden und beantwortest fragen&#8220; font_icon=&#8220;&#x45;||divi||400&#8243; _builder_version=&#8220;4.16&#8243; _module_preset=&#8220;default&#8220; global_colors_info=&#8220;{}&#8220;][\/dsm_icon_list_child][dsm_icon_list_child text=&#8220;Du \u00fcberwachst die Rennen und die Einhaltung der Regeln&#8220; font_icon=&#8220;&#x45;||divi||400&#8243; _builder_version=&#8220;4.16&#8243; _module_preset=&#8220;default&#8220; global_colors_info=&#8220;{}&#8220;][\/dsm_icon_list_child][\/dsm_icon_list][dsm_text_divider header=&#8220;Voraussetzungen&#8220; text_alignment=&#8220;left&#8220; _builder_version=&#8220;4.16&#8243; _module_preset=&#8220;default&#8220; header_text_align=&#8220;center&#8220; header_font_size=&#8220;36px&#8220; custom_margin=&#8220;55px||18px||false|false&#8220; header_font_size_tablet=&#8220;32px&#8220; locked=&#8220;off&#8220; global_colors_info=&#8220;{}&#8220;][\/dsm_text_divider][dsm_icon_list icon_font_size=&#8220;30px&#8220; list_space_between=&#8220;12px&#8220; _builder_version=&#8220;4.18.0&#8243; _module_preset=&#8220;default&#8220; text_font_size=&#8220;18px&#8220; text_line_height=&#8220;1.5em&#8220; global_colors_info=&#8220;{}&#8220;][dsm_icon_list_child text=&#8220;Du bist mindestens 25 Jahre alt&#8220; font_icon=&#8220;&#x45;||divi||400&#8243; _builder_version=&#8220;4.18.0&#8243; _module_preset=&#8220;default&#8220; global_colors_info=&#8220;{}&#8220;][\/dsm_icon_list_child][dsm_icon_list_child text=&#8220;Du bist bereit am Wochenende zu arbeiten&#8220; font_icon=&#8220;&#x45;||divi||400&#8243; _builder_version=&#8220;4.16&#8243; _module_preset=&#8220;default&#8220; global_colors_info=&#8220;{}&#8220;][\/dsm_icon_list_child][dsm_icon_list_child text=&#8220;Du solltest Spa\u00df am Umgang mit Menschen haben und dich auch mal freundlich durchsetzen k\u00f6nnen&#8220; font_icon=&#8220;&#x45;||divi||400&#8243; _builder_version=&#8220;4.16&#8243; _module_preset=&#8220;default&#8220; global_colors_info=&#8220;{}&#8220;][\/dsm_icon_list_child][dsm_icon_list_child text=&#8220;Flexible Arbeitszeiten sind f\u00fcr dich kein Problem&#8220; font_icon=&#8220;&#x45;||divi||400&#8243; _builder_version=&#8220;4.16&#8243; _module_preset=&#8220;default&#8220; global_colors_info=&#8220;{}&#8220;][\/dsm_icon_list_child][\/dsm_icon_list][dsm_text_divider header=&#8220;Das erwartet dich&#8220; text_alignment=&#8220;left&#8220; _builder_version=&#8220;4.16&#8243; _module_preset=&#8220;default&#8220; header_text_align=&#8220;center&#8220; header_font_size=&#8220;36px&#8220; custom_margin=&#8220;55px||18px||false|false&#8220; header_font_size_tablet=&#8220;32px&#8220; locked=&#8220;off&#8220; global_colors_info=&#8220;{}&#8220;][\/dsm_text_divider][dsm_icon_list icon_font_size=&#8220;30px&#8220; list_space_between=&#8220;12px&#8220; _builder_version=&#8220;4.16&#8243; _module_preset=&#8220;default&#8220; text_font_size=&#8220;18px&#8220; text_line_height=&#8220;1.5em&#8220; global_colors_info=&#8220;{}&#8220;][dsm_icon_list_child text=&#8220;Du erh\u00e4ltst eine faire Verg\u00fctung mit leistungsgerechter Steigerung&#8220; font_icon=&#8220;&#x45;||divi||400&#8243; _builder_version=&#8220;4.16&#8243; _module_preset=&#8220;default&#8220; global_colors_info=&#8220;{}&#8220;][\/dsm_icon_list_child][dsm_icon_list_child text=&#8220;Kostenlose Parkpl\u00e4tze direkt an unserer Halle&#8220; font_icon=&#8220;&#x45;||divi||400&#8243; _builder_version=&#8220;4.16&#8243; _module_preset=&#8220;default&#8220; global_colors_info=&#8220;{}&#8220;][\/dsm_icon_list_child][dsm_icon_list_child text=&#8220;Einer der coolsten Arbeitspl\u00e4tze f\u00fcr Motorsportfans&#8220; font_icon=&#8220;&#x45;||divi||400&#8243; _builder_version=&#8220;4.16&#8243; _module_preset=&#8220;default&#8220; global_colors_info=&#8220;{}&#8220;][\/dsm_icon_list_child][dsm_icon_list_child text=&#8220;Spannende und abwechslungsreiche Aufgaben&#8220; font_icon=&#8220;&#x45;||divi||400&#8243; _builder_version=&#8220;4.16&#8243; _module_preset=&#8220;default&#8220; global_colors_info=&#8220;{}&#8220;][\/dsm_icon_list_child][dsm_icon_list_child text=&#8220;Eine verantwortungsvolle Position mit ausf\u00fchrlicher Einweisung&#8220; font_icon=&#8220;&#x45;||divi||400&#8243; _builder_version=&#8220;4.16&#8243; _module_preset=&#8220;default&#8220; global_colors_info=&#8220;{}&#8220;][\/dsm_icon_list_child][\/dsm_icon_list]<\/div><\/div><\/div><div class=\"et_pb_section_3 et_pb_section et_section_regular et_flex_section\"><div class=\"et_pb_row_3 et_pb_row et_flex_row\"><div class=\"et_pb_column_5 et_pb_column et-last-child et_flex_column et_pb_css_mix_blend_mode_passthrough et_flex_column_24_24\">[dsm_text_divider header=&#8220;Du bist interessiert?&#8220; text_alignment=&#8220;left&#8220; _builder_version=&#8220;4.16&#8243; _module_preset=&#8220;default&#8220; header_text_align=&#8220;center&#8220; header_font_size=&#8220;36px&#8220; custom_margin=&#8220;||18px||false|false&#8220; custom_padding=&#8220;||||false|false&#8220; header_font_size_tablet=&#8220;32px&#8220; locked=&#8220;off&#8220; global_colors_info=&#8220;{}&#8220;][\/dsm_text_divider]<\/div><\/div><div class=\"et_pb_row_4 et_pb_row et_flex_row\"><div class=\"et_pb_column_6 et_pb_column et_flex_column et_pb_css_mix_blend_mode_passthrough et_flex_column_24_24\"><div class=\"et_pb_text_3 et_pb_text et_pb_bg_layout_dark et_pb_module et_block_module preset--module--divi-text--default\"><div class=\"et_pb_text_inner\"><p>Das freut uns! Wir m\u00f6chten den Bewerbungsprozess gerne so unkompliziert wie m\u00f6glich halten und dich in erster Linie pers\u00f6nlich kennenlernen. Daher verzichten wir gerne auf Lebensl\u00e4ufe und formelle Anschreiben und m\u00f6chten lieber in einem kurzen Telefonat abstecken, ob du zu uns passt.<\/p>\n<p><strong>F\u00fclle dazu einfach das kurze Formular aus und wir melden uns per Telefon bei dir zur\u00fcck.<\/strong><\/p>\n<\/div><\/div><\/div><div class=\"et_pb_column_7 et_pb_column et-last-child et_flex_column et_pb_css_mix_blend_mode_passthrough et_flex_column_24_24\"><div class=\"et_pb_code_0 et_pb_code et_pb_module\"><div class=\"et_pb_code_inner\">[gravityform id=&#8220;2&#8243; title=&#8220;false&#8220; description=&#8220;false&#8220; field_values=&#8220;stellenbezeichnung=Streckenposten&#8220; _builder_version=&#8220;3.0.47&#8243;][\/gravityform]<\/div><\/div><div class=\"et_pb_contact_form_0 et_pb_contact_form_container clearfix et_pb_module et_flex_module\" data-form_unique_num=\"0\" data-form_unique_id=\"divi\/contact-form-0\" data-redirect_url=\"https:\/\/conquest.staging-website.de\/bewerbung-danke\/\" id=\"et_pb_contact_form_0\"><div class=\"et-pb-contact-message\"><\/div><div class=\"et_pb_contact\"><form class=\"et_pb_contact_form et_flex_module\" method=\"post\" action=\"https:\/\/conquest.staging-website.de\/en\/wp-json\/wp\/v2\/pages\/229138\" data-trp-original-action=\"https:\/\/conquest.staging-website.de\/en\/wp-json\/wp\/v2\/pages\/229138\"><div class=\"et_pb_contact_field_0 et_pb_contact_field et_pb_module et_flex_module et_flex_column_24_24\" data-id=\"vorname\" data-type=\"input\"><label class=\"et_pb_contact_form_label\">First name<\/label><input type=\"text\" name=\"et_pb_contact_0_vorname_0\" id=\"et_pb_contact_0_vorname_0\" class=\"input\" data-required_mark=\"required\" data-field_type=\"input\" data-original_id=\"vorname\" placeholder=\"First name\" title=\"\" value=\"\" \/><\/div><div class=\"et_pb_contact_field_1 et_pb_contact_field et_pb_module et_flex_module et_flex_column_24_24\" data-id=\"nachname\" data-type=\"input\"><label class=\"et_pb_contact_form_label\">last name<\/label><input type=\"text\" name=\"et_pb_contact_0_nachname_1\" id=\"et_pb_contact_0_nachname_1\" class=\"input\" data-required_mark=\"required\" data-field_type=\"input\" data-original_id=\"nachname\" placeholder=\"last name\" title=\"\" value=\"\" \/><\/div><div class=\"et_pb_contact_field_2 et_pb_contact_field et_pb_module et_flex_module et_flex_column_24_24\" data-id=\"e-mail\" data-type=\"email\"><label class=\"et_pb_contact_form_label\">Email address<\/label><input type=\"text\" name=\"et_pb_contact_0_e-mail_2\" id=\"et_pb_contact_0_e-mail_2\" class=\"input\" data-required_mark=\"required\" data-field_type=\"email\" data-original_id=\"e-mail\" placeholder=\"Email address\" title=\"\" value=\"\" \/><\/div><div class=\"et_pb_contact_field_3 et_pb_contact_field et_pb_module et_flex_module et_flex_column_24_24\" data-id=\"telefon\" data-type=\"input\"><label class=\"et_pb_contact_form_label\">Telefon<\/label><input type=\"text\" name=\"et_pb_contact_0_telefon_3\" id=\"et_pb_contact_0_telefon_3\" class=\"input\" data-required_mark=\"required\" data-field_type=\"input\" data-original_id=\"telefon\" placeholder=\"Telefon\" title=\"\" value=\"\" \/><\/div><div class=\"et_pb_contact_field_4 et_pb_contact_field et_pb_module et_flex_module et_flex_column_24_24\" data-id=\"anschreiben\" data-type=\"text\"><label class=\"et_pb_contact_form_label\">Beschreibe dich bitte kurz<\/label><textarea name=\"et_pb_contact_0_anschreiben_4\" id=\"et_pb_contact_0_anschreiben_4\" class=\"et_pb_contact_message input\" data-required_mark=\"required\" data-field_type=\"text\" data-original_id=\"anschreiben\" placeholder=\"Beschreibe dich bitte kurz\"><\/textarea><\/div><div class=\"et_pb_contact_field_5 et_pb_contact_field et_pb_module et_flex_module et_flex_column_24_24\" data-id=\"datenschutz\" data-type=\"checkbox\"><label class=\"et_pb_contact_form_label\">data protection<\/label><input type=\"hidden\" name=\"et_pb_contact_0_datenschutz_5\" class=\"et_pb_checkbox_handle\" data-required_mark=\"required\" data-field_type=\"checkbox\" data-original_id=\"datenschutz\" \/><span class=\"et_pb_contact_field_options_wrapper\"><span class=\"et_pb_contact_field_options_title\">data protection<\/span><span class=\"et_pb_contact_field_options_list\"><span class=\"et_pb_contact_field_checkbox\"><input type=\"checkbox\" id=\"et_pb_contact_0_datenschutz_5_0\" class=\"input\" value=\"Ich bin mit der \u00dcbermittlung meiner Daten zu Zwecken der Bewerbung einverstanden und akzeptiere hiermit die \" data-required_mark=\"required\" data-field_type=\"checkbox\" data-original_id=\"datenschutz\" \/><label for=\"et_pb_contact_0_datenschutz_5_0\"><i><\/i>Ich bin mit der \u00dcbermittlung meiner Daten zu Zwecken der Bewerbung einverstanden und akzeptiere hiermit die <\/label><\/span><\/span><\/span><\/div><input type=\"hidden\" name=\"et_pb_contactform_submit_0\" value=\"et_contact_proccess\" \/><div class=\"et_contact_bottom_container\"><div class=\"et_pb_button_wrapper\"><button type=\"submit\" name=\"et_builder_submit_button\" class=\"et_pb_button et_pb_contact_submit\" data-icon=\"$\">Bewerbung senden<\/button><\/div><\/div><input type=\"hidden\" id=\"_wpnonce-et-pb-contact-form-submitted-0\" name=\"_wpnonce-et-pb-contact-form-submitted-0\" value=\"2e8b2d4b24\" \/><input type=\"hidden\" name=\"_wp_http_referer\" value=\"\/en\/wp-json\/wp\/v2\/pages\/229138\" \/><input type=\"hidden\" name=\"trp-form-language\" value=\"en\"\/><\/form><\/div><\/div><\/div><\/div><\/div><div class=\"et_pb_section_4 et_pb_section et_section_regular et_flex_section\"><div class=\"et_pb_row_5 et_pb_row et_flex_row\"><div class=\"et_pb_column_8 et_pb_column et-last-child et_flex_column et_pb_css_mix_blend_mode_passthrough et_flex_column_24_24\">[dsm_text_divider header=&#8220;Dein Weg zu uns&#8220; _builder_version=&#8220;4.16&#8243; _module_preset=&#8220;default&#8220; header_level=&#8220;h1&#8243; header_font_size=&#8220;30px&#8220; custom_margin=&#8220;||15px||false|false&#8220; locked=&#8220;off&#8220; global_colors_info=&#8220;{}&#8220;][\/dsm_text_divider]<\/div><\/div><div class=\"et_pb_row_6 et_pb_row et_flex_row\"><div class=\"et_pb_column_9 et_pb_column et-last-child et_flex_column et_pb_css_mix_blend_mode_passthrough et_flex_column_24_24\"><div class=\"et_pb_code_1 et_pb_code et_pb_module\"><div class=\"et_pb_code_inner\"><iframe src=\"https:\/\/www.google.com\/maps\/embed?pb=!1m18!1m12!1m3!1d2544.1635324153663!2d7.586091315728941!3d50.38214997946602!2m3!1f0!2f0!3f0!3m2!1i1024!2i768!4f13.1!3m3!1m2!1s0x47be7cd2db2628dd%3A0xd5c8b2cbbe0d397f!2sKesselheimer%20Weg%2022%2C%2056070%20Koblenz!5e0!3m2!1sde!2sde!4v1628416984661!5m2!1sde!2sde\" width=\"100%\" height=\"350\" style=\"border:0;\" allowfullscreen=\"\" loading=\"lazy\"><\/iframe><\/div><\/div><\/div><\/div><\/div>","protected":false},"excerpt":{"rendered":"","protected":false},"author":1,"featured_media":0,"parent":207772,"menu_order":0,"comment_status":"closed","ping_status":"closed","template":"","meta":{"footnotes":""},"class_list":["post-229138","page","type-page","status-publish","hentry"],"_links":{"self":[{"href":"https:\/\/conquest.staging-website.de\/en\/wp-json\/wp\/v2\/pages\/229138","targetHints":{"allow":["GET"]}}],"collection":[{"href":"https:\/\/conquest.staging-website.de\/en\/wp-json\/wp\/v2\/pages"}],"about":[{"href":"https:\/\/conquest.staging-website.de\/en\/wp-json\/wp\/v2\/types\/page"}],"author":[{"embeddable":true,"href":"https:\/\/conquest.staging-website.de\/en\/wp-json\/wp\/v2\/users\/1"}],"replies":[{"embeddable":true,"href":"https:\/\/conquest.staging-website.de\/en\/wp-json\/wp\/v2\/comments?post=229138"}],"version-history":[{"count":9,"href":"https:\/\/conquest.staging-website.de\/en\/wp-json\/wp\/v2\/pages\/229138\/revisions"}],"predecessor-version":[{"id":231033,"href":"https:\/\/conquest.staging-website.de\/en\/wp-json\/wp\/v2\/pages\/229138\/revisions\/231033"}],"up":[{"embeddable":true,"href":"https:\/\/conquest.staging-website.de\/en\/wp-json\/wp\/v2\/pages\/207772"}],"wp:attachment":[{"href":"https:\/\/conquest.staging-website.de\/en\/wp-json\/wp\/v2\/media?parent=229138"}],"curies":[{"name":"wp","href":"https:\/\/api.w.org\/{rel}","templated":true}]}}