{"id":205568,"date":"2018-02-24T11:47:16","date_gmt":"2018-02-24T10:47:16","guid":{"rendered":"https:\/\/conquest.staging-website.de\/?page_id=205568"},"modified":"2025-12-06T12:18:09","modified_gmt":"2025-12-06T11:18:09","slug":"impressum","status":"publish","type":"page","link":"https:\/\/conquest.staging-website.de\/en\/impressum\/","title":{"rendered":"Legal notice"},"content":{"rendered":"<h4>Information pursuant to Section 5 of the German Telemedia Act (TMG):<\/h4>\n<p><strong>Conquest, Inc.<\/strong><br \/>\nKart Center Koblenz<br \/>\n22 Kesselheimer Way<br \/>\n56070 Koblenz<\/p>\n<p>Tel.: +49 (0) 261 \u2013 800 245<br \/>\nEmail: info@kart-koblenz.de<\/p>\n<p><strong>Management:<\/strong><br \/>\nChristine Tanasic &amp; Birgit N\u00f6then<\/p>\n<p>Koblenz District Court<br \/>\nVAT ID No.: DE 148721694<br \/>\nResponsible for editorial content within the meaning of \u00a7 6 MDStV (German Media Services State Treaty):<br \/>\nChristine Tanasic &amp; Birgit N\u00f6then<\/p>\n<p>&nbsp;<\/p>\n<h3 class=\"title block-title\">Legal notices<\/h3>\n<p>Despite careful content control, we assume no liability for the content of external links. The operators of the linked pages are solely responsible for their content. On this website, data encoded by web technologies and server information are collected and stored in anonymized form (cookies) for marketing and optimization purposes. Cookies are used for this purpose, but they only collect and store data in pseudonymous form. The data is not used to personally identify visitors to this website and is not merged with data about the bearer of the pseudonym.<\/p>\n<p class=\"rtejustify\">The reproduction of content or data, in particular the use of texts, text parts, or images, requires the express prior consent of Conquest GmbH.<\/p>\n<p>&nbsp;<\/p>","protected":false},"excerpt":{"rendered":"<p>Angaben gem\u00e4\u00df \u00a7 5 TMG: Conquest GmbH Kart-Center Koblenz Kesselheimer Weg 22 56070 Koblenz Tel.: +49 (0) 261 &#8211; 800 245 E-Mail: info@kart-koblenz.de Gesch\u00e4ftsf\u00fchrung: Christine Tanasic &amp; Birgit N\u00f6then Amtsgericht [&hellip;]<\/p>","protected":false},"author":1,"featured_media":0,"parent":0,"menu_order":0,"comment_status":"closed","ping_status":"closed","template":"","meta":{"footnotes":""},"class_list":["post-205568","page","type-page","status-publish","hentry"],"_links":{"self":[{"href":"https:\/\/conquest.staging-website.de\/en\/wp-json\/wp\/v2\/pages\/205568","targetHints":{"allow":["GET"]}}],"collection":[{"href":"https:\/\/conquest.staging-website.de\/en\/wp-json\/wp\/v2\/pages"}],"about":[{"href":"https:\/\/conquest.staging-website.de\/en\/wp-json\/wp\/v2\/types\/page"}],"author":[{"embeddable":true,"href":"https:\/\/conquest.staging-website.de\/en\/wp-json\/wp\/v2\/users\/1"}],"replies":[{"embeddable":true,"href":"https:\/\/conquest.staging-website.de\/en\/wp-json\/wp\/v2\/comments?post=205568"}],"version-history":[{"count":1,"href":"https:\/\/conquest.staging-website.de\/en\/wp-json\/wp\/v2\/pages\/205568\/revisions"}],"predecessor-version":[{"id":231704,"href":"https:\/\/conquest.staging-website.de\/en\/wp-json\/wp\/v2\/pages\/205568\/revisions\/231704"}],"wp:attachment":[{"href":"https:\/\/conquest.staging-website.de\/en\/wp-json\/wp\/v2\/media?parent=205568"}],"curies":[{"name":"wp","href":"https:\/\/api.w.org\/{rel}","templated":true}]}}